{"id":507,"date":"2022-06-15T00:08:12","date_gmt":"2022-06-15T00:08:12","guid":{"rendered":"http:\/\/mauropassos.com\/?page_id=507"},"modified":"2024-07-18T12:57:57","modified_gmt":"2024-07-18T12:57:57","slug":"discografia","status":"publish","type":"page","link":"https:\/\/mauropassos.com\/?page_id=507","title":{"rendered":"Discografia"},"content":{"rendered":"\n<p class=\"has-theme-palette-9-color has-text-color\"><strong>Discos de Mauro Passos<\/strong><\/p>\n\n\n\n<div class=\"wp-block-columns alignwide are-vertically-aligned-top has-theme-palette-9-color has-text-color is-layout-flex wp-container-core-columns-is-layout-9d6595d7 wp-block-columns-is-layout-flex\">\n<div class=\"wp-block-column is-layout-flow wp-block-column-is-layout-flow\" style=\"flex-basis:16.67%\">\n<div class=\"wp-block-image\"><figure class=\"aligncenter size-full is-resized\"><a href=\"https:\/\/open.spotify.com\/album\/3hxIjKwi2LqBSjZaBPc7TX?si=-N-Aky2lRSaM4s8uMGc7sg\" target=\"_blank\" rel=\"noopener\"><img loading=\"lazy\" decoding=\"async\" src=\"https:\/\/mauropassos.com\/wp-content\/uploads\/2022\/06\/capa-disco-2022-scaled-e1656016509792.jpg\" alt=\"\" class=\"wp-image-555\" width=\"147\" height=\"147\"\/><\/a><figcaption><strong>&#8220;Ventos &amp; Tempestades&#8221;<br>2022<\/strong><\/figcaption><\/figure><\/div>\n<\/div>\n\n\n\n<div class=\"wp-block-column has-theme-palette-9-color has-text-color is-layout-flow wp-block-column-is-layout-flow\" style=\"flex-basis:16.67%\">\n<div class=\"wp-block-image\"><figure class=\"aligncenter size-thumbnail\"><a href=\"https:\/\/open.spotify.com\/album\/5l4Hh9FanCDLhAolbv3JfA\" target=\"_blank\" rel=\"noopener\"><img loading=\"lazy\" decoding=\"async\" width=\"150\" height=\"150\" src=\"https:\/\/mauropassos.com\/wp-content\/uploads\/2022\/06\/f80cf1_0a243539ee4d4aa18734fba8f5349e76_mv2_d_2400_2400_s_4_2-150x150.webp\" alt=\"\" class=\"wp-image-547\" srcset=\"https:\/\/mauropassos.com\/wp-content\/uploads\/2022\/06\/f80cf1_0a243539ee4d4aa18734fba8f5349e76_mv2_d_2400_2400_s_4_2-150x150.webp 150w, https:\/\/mauropassos.com\/wp-content\/uploads\/2022\/06\/f80cf1_0a243539ee4d4aa18734fba8f5349e76_mv2_d_2400_2400_s_4_2.webp 162w\" sizes=\"auto, (max-width: 150px) 100vw, 150px\" \/><\/a><figcaption><strong>&#8220;Sombras&#8221;<br>2017<\/strong><\/figcaption><\/figure><\/div>\n<\/div>\n\n\n\n<div class=\"wp-block-column is-layout-flow wp-block-column-is-layout-flow\" style=\"flex-basis:16.67%\">\n<div class=\"wp-block-image\"><figure class=\"aligncenter size-thumbnail\"><a href=\"https:\/\/open.spotify.com\/album\/26DENnh52njiX810sgejQX\" target=\"_blank\" rel=\"noopener\"><img loading=\"lazy\" decoding=\"async\" width=\"150\" height=\"150\" src=\"https:\/\/mauropassos.com\/wp-content\/uploads\/2022\/06\/f80cf1_905860614330155d06c1a959919439e7-150x150.webp\" alt=\"\" class=\"wp-image-548\"\/><\/a><figcaption><strong>&#8220;Ra\u00edzes &amp; Tradi\u00e7\u00f5es&#8221;<br>2012<\/strong><\/figcaption><\/figure><\/div>\n<\/div>\n\n\n\n<div class=\"wp-block-column is-layout-flow wp-block-column-is-layout-flow\" style=\"flex-basis:16.67%\">\n<div class=\"wp-block-image\"><figure class=\"aligncenter size-thumbnail\"><a href=\"https:\/\/open.spotify.com\/album\/6kbbitIfcUupT5pZiYglfy?si=PVMhgZl-TuuirLyAdzsa5w\" target=\"_blank\" rel=\"noopener\"><img loading=\"lazy\" decoding=\"async\" width=\"150\" height=\"150\" src=\"https:\/\/mauropassos.com\/wp-content\/uploads\/2022\/06\/f80cf1_e7cfdd3bf31b4c1f9d3c4e882e003b0a-150x150.webp\" alt=\"\" class=\"wp-image-549\"\/><\/a><figcaption><strong>&#8220;Igni\u00e7\u00e3o&#8221;<br>2004<\/strong><\/figcaption><\/figure><\/div>\n<\/div>\n\n\n\n<div class=\"wp-block-column is-layout-flow wp-block-column-is-layout-flow\" style=\"flex-basis:16.67%\">\n<div class=\"wp-block-image\"><figure class=\"aligncenter size-thumbnail\"><a href=\"https:\/\/open.spotify.com\/album\/7Fk5tw1QoTzKlVAKWQS9YQ?si=WdnD1ztiShif5_wwJ9-VBg\" target=\"_blank\" rel=\"noopener\"><img loading=\"lazy\" decoding=\"async\" width=\"150\" height=\"150\" src=\"https:\/\/mauropassos.com\/wp-content\/uploads\/2022\/06\/f80cf1_09c4d4bc9a2944c4827e9fd13101ae96-150x150.webp\" alt=\"\" class=\"wp-image-550\"\/><\/a><figcaption><strong>&#8220;Real Ilusion&#8221;<br>2000<\/strong><\/figcaption><\/figure><\/div>\n<\/div>\n\n\n\n<div class=\"wp-block-column has-theme-palette-9-color has-text-color is-layout-flow wp-block-column-is-layout-flow\" style=\"flex-basis:16.67%\">\n<div class=\"wp-block-image\"><figure class=\"aligncenter size-thumbnail\"><a href=\"https:\/\/soundcloud.com\/mauro-passos\/sets\/navegar-no-pensamento?utm_source=clipboard&amp;utm_medium=text&amp;utm_campaign=social_sharing\" target=\"_blank\" rel=\"noopener\"><img loading=\"lazy\" decoding=\"async\" width=\"150\" height=\"150\" src=\"https:\/\/mauropassos.com\/wp-content\/uploads\/2022\/06\/f80cf1_791e78c4279248e1be15c9bfe6f08865-150x150.webp\" alt=\"\" class=\"wp-image-551\"\/><\/a><figcaption><strong>&#8220;Navegar no Pensamento&#8221;<br>1996<\/strong><\/figcaption><\/figure><\/div>\n<\/div>\n<\/div>\n\n\n<style>.wp-block-kadence-spacer.kt-block-spacer-_421242-b2 .kt-block-spacer{height:10px;}.wp-block-kadence-spacer.kt-block-spacer-_421242-b2 .kt-divider{border-top-width:1px;height:1px;border-top-color:#eee;width:100%;border-top-style:solid;}@media all and (max-width: 1024px){.wp-block-kadence-spacer.kt-block-spacer-_421242-b2 .kt-block-spacer{height:28px!important;}}@media all and (max-width: 767px){.wp-block-kadence-spacer.kt-block-spacer-_421242-b2 .kt-block-spacer{height:6px!important;}}<\/style>\n<div class=\"wp-block-kadence-spacer aligncenter kt-block-spacer-_421242-b2 alignnone\"><div class=\"kt-block-spacer kt-block-spacer-halign-center\" style=\"height:10px\"><\/div><\/div>\n\n\n\n<p class=\"has-theme-palette-9-color has-text-color\"><strong>Outros discos | projectos e participa\u00e7\u00f5es<\/strong><\/p>\n\n\n\n<div class=\"wp-block-columns alignwide is-layout-flex wp-container-core-columns-is-layout-9d6595d7 wp-block-columns-is-layout-flex\">\n<div class=\"wp-block-column is-layout-flow wp-block-column-is-layout-flow\">\n<div class=\"wp-block-image\"><figure class=\"aligncenter size-full is-resized\"><a href=\"https:\/\/open.spotify.com\/intl-pt\/track\/3PdgZX6T4y2WAqfokpKFTl?si=2395a608844f47fa\"><img loading=\"lazy\" decoding=\"async\" src=\"https:\/\/mauropassos.com\/wp-content\/uploads\/2024\/07\/Alma-de-Estudantes-e1721304510775.png\" alt=\"\" class=\"wp-image-928\" width=\"150\" height=\"150\"\/><\/a><figcaption><strong>Alma de Estudantes<br>&#8220;Ser Rei&#8221;<br>2022<\/strong><\/figcaption><\/figure><\/div>\n<\/div>\n\n\n\n<div class=\"wp-block-column is-layout-flow wp-block-column-is-layout-flow\">\n<div class=\"wp-block-image\"><figure class=\"aligncenter size-thumbnail\"><a href=\"https:\/\/open.spotify.com\/album\/1DfxrRQve0HbvTYZfzZs5k?si=hPB52WpbR6qmExrTWSgyvQ\" target=\"_blank\" rel=\"noopener\"><img loading=\"lazy\" decoding=\"async\" width=\"150\" height=\"150\" src=\"https:\/\/mauropassos.com\/wp-content\/uploads\/2022\/06\/f80cf1_9bc669d11dc4440486165613565d14e4-150x150.webp\" alt=\"\" class=\"wp-image-563\"\/><\/a><figcaption><strong>&#8220;Uma Guitarra Com Gente Dentro&#8221;<\/strong><br><strong>2014<\/strong><\/figcaption><\/figure><\/div>\n<\/div>\n\n\n\n<div class=\"wp-block-column is-vertically-aligned-top is-layout-flow wp-block-column-is-layout-flow\">\n<div class=\"wp-block-image\"><figure class=\"aligncenter size-thumbnail\"><img loading=\"lazy\" decoding=\"async\" width=\"150\" height=\"150\" src=\"https:\/\/mauropassos.com\/wp-content\/uploads\/2022\/06\/f80cf1_1f4da39ad67740ad8b4a42c2046eec5a-1-150x150.webp\" alt=\"\" class=\"wp-image-561\"\/><figcaption><strong>Colet\u00e2nea<\/strong><br><strong>Goth &amp; Rock<\/strong><br><strong>&#8220;V Chapter&#8221;<\/strong><br><strong>2013<\/strong><\/figcaption><\/figure><\/div>\n<\/div>\n\n\n\n<div class=\"wp-block-column is-vertically-aligned-top is-layout-flow wp-block-column-is-layout-flow\">\n<div class=\"wp-block-image\"><figure class=\"aligncenter size-thumbnail\"><a href=\"https:\/\/open.spotify.com\/playlist\/07mhOZhfB61X0vk2HZa8Sc?si=d622eb117abb4a9b\" target=\"_blank\" rel=\"noopener\"><img loading=\"lazy\" decoding=\"async\" width=\"150\" height=\"150\" src=\"https:\/\/mauropassos.com\/wp-content\/uploads\/2022\/06\/f80cf1_c117a3faf9ea802b2bccef5d04cfe017-150x150.webp\" alt=\"\" class=\"wp-image-566\"\/><\/a><figcaption><strong>P\u00e9 Na Terra<\/strong> <strong>&#8220;13&#8221;<\/strong><br><strong>2011<\/strong><\/figcaption><\/figure><\/div>\n<\/div>\n\n\n\n<div class=\"wp-block-column is-layout-flow wp-block-column-is-layout-flow\">\n<div class=\"wp-block-image\"><figure class=\"aligncenter size-thumbnail\"><a href=\"https:\/\/open.spotify.com\/album\/34XzERFJPikgizEqNd7v1t?si=8_U-uRFFTF-c_U6nDv9Q-g\" target=\"_blank\" rel=\"noopener\"><img loading=\"lazy\" decoding=\"async\" width=\"150\" height=\"150\" src=\"https:\/\/mauropassos.com\/wp-content\/uploads\/2022\/06\/f80cf1_6c992bda1c5541b8a51e5964d8cf7439-150x150.webp\" alt=\"\" class=\"wp-image-562\"\/><\/a><figcaption><strong>Stubborm<\/strong><br><strong>&#8220;Even Alone I Fight&#8221;<\/strong><br><strong>2007<\/strong><\/figcaption><\/figure><\/div>\n<\/div>\n\n\n\n<div class=\"wp-block-column is-layout-flow wp-block-column-is-layout-flow\">\n<div class=\"wp-block-image\"><figure class=\"aligncenter size-thumbnail\"><img loading=\"lazy\" decoding=\"async\" width=\"150\" height=\"150\" src=\"https:\/\/mauropassos.com\/wp-content\/uploads\/2022\/06\/f80cf1_b384dba182e04871acaa11e936a5787d-150x150.webp\" alt=\"\" class=\"wp-image-565\"\/><figcaption><strong>PH7 Por\u00e9m<\/strong> <strong>&#8220;Pensamentos&#8221;<\/strong><br><strong>1998<\/strong><\/figcaption><\/figure><\/div>\n<\/div>\n<\/div>\n\n\n\n<div class=\"wp-block-columns alignwide is-layout-flex wp-container-core-columns-is-layout-9d6595d7 wp-block-columns-is-layout-flex\">\n<div class=\"wp-block-column is-vertically-aligned-top is-layout-flow wp-block-column-is-layout-flow\">\n<div class=\"wp-block-image\"><figure class=\"aligncenter size-thumbnail\"><img loading=\"lazy\" decoding=\"async\" width=\"150\" height=\"150\" src=\"https:\/\/mauropassos.com\/wp-content\/uploads\/2022\/06\/f80cf1_a39e041498234de79feffbb55b6eb7da-150x150.webp\" alt=\"\" class=\"wp-image-564\"\/><figcaption><strong>Compila\u00e7\u00e3o<\/strong><br><strong>&#8220;Pa\u00e7os Rock 97&#8221;<\/strong><br><strong>1997<\/strong><\/figcaption><\/figure><\/div>\n<\/div>\n\n\n\n<div class=\"wp-block-column is-layout-flow wp-block-column-is-layout-flow\"><\/div>\n\n\n\n<div class=\"wp-block-column is-layout-flow wp-block-column-is-layout-flow\"><\/div>\n\n\n\n<div class=\"wp-block-column is-layout-flow wp-block-column-is-layout-flow\"><\/div>\n\n\n\n<div class=\"wp-block-column is-layout-flow wp-block-column-is-layout-flow\"><\/div>\n\n\n\n<div class=\"wp-block-column is-layout-flow wp-block-column-is-layout-flow\"><\/div>\n<\/div>\n\n\n\n<p><\/p>\n","protected":false},"excerpt":{"rendered":"<p>Discos de Mauro Passos Outros discos | projectos e participa\u00e7\u00f5es<\/p>\n","protected":false},"author":1,"featured_media":0,"parent":0,"menu_order":0,"comment_status":"closed","ping_status":"closed","template":"","meta":{"_kadence_starter_templates_imported_post":false,"_kad_post_transparent":"","_kad_post_title":"default","_kad_post_layout":"narrow","_kad_post_sidebar_id":"","_kad_post_content_style":"default","_kad_post_vertical_padding":"","_kad_post_feature":"default","_kad_post_feature_position":"","_kad_post_header":false,"_kad_post_footer":false,"_kad_post_classname":"","footnotes":""},"class_list":["post-507","page","type-page","status-publish","hentry"],"_links":{"self":[{"href":"https:\/\/mauropassos.com\/index.php?rest_route=\/wp\/v2\/pages\/507","targetHints":{"allow":["GET"]}}],"collection":[{"href":"https:\/\/mauropassos.com\/index.php?rest_route=\/wp\/v2\/pages"}],"about":[{"href":"https:\/\/mauropassos.com\/index.php?rest_route=\/wp\/v2\/types\/page"}],"author":[{"embeddable":true,"href":"https:\/\/mauropassos.com\/index.php?rest_route=\/wp\/v2\/users\/1"}],"replies":[{"embeddable":true,"href":"https:\/\/mauropassos.com\/index.php?rest_route=%2Fwp%2Fv2%2Fcomments&post=507"}],"version-history":[{"count":6,"href":"https:\/\/mauropassos.com\/index.php?rest_route=\/wp\/v2\/pages\/507\/revisions"}],"predecessor-version":[{"id":942,"href":"https:\/\/mauropassos.com\/index.php?rest_route=\/wp\/v2\/pages\/507\/revisions\/942"}],"wp:attachment":[{"href":"https:\/\/mauropassos.com\/index.php?rest_route=%2Fwp%2Fv2%2Fmedia&parent=507"}],"curies":[{"name":"wp","href":"https:\/\/api.w.org\/{rel}","templated":true}]}}