{"id":506,"date":"2022-06-15T00:08:12","date_gmt":"2022-06-15T00:08:12","guid":{"rendered":"http:\/\/mauropassos.com\/?page_id=506"},"modified":"2022-06-24T03:13:56","modified_gmt":"2022-06-24T03:13:56","slug":"biografia","status":"publish","type":"page","link":"https:\/\/mauropassos.com\/?page_id=506","title":{"rendered":"Biografia"},"content":{"rendered":"\n<div class=\"wp-block-columns is-layout-flex wp-container-core-columns-is-layout-9d6595d7 wp-block-columns-is-layout-flex\">\n<div class=\"wp-block-column has-theme-palette-9-color has-text-color has-background is-layout-flow wp-block-column-is-layout-flow\" style=\"background:radial-gradient(rgba(5,5,5,0.45) 0%,rgba(8,8,8,0.16) 100%)\">\n<div class=\"wp-block-media-text is-stacked-on-mobile is-vertically-aligned-top has-theme-palette-9-color has-text-color\" style=\"grid-template-columns:37% auto\"><figure class=\"wp-block-media-text__media\"><img loading=\"lazy\" decoding=\"async\" width=\"911\" height=\"1024\" src=\"https:\/\/mauropassos.com\/wp-content\/uploads\/2022\/06\/1888965_720762257968234_51642338_o-e1655300830603-911x1024.jpg\" alt=\"\" class=\"wp-image-585 size-full\" srcset=\"https:\/\/mauropassos.com\/wp-content\/uploads\/2022\/06\/1888965_720762257968234_51642338_o-e1655300830603-911x1024.jpg 911w, https:\/\/mauropassos.com\/wp-content\/uploads\/2022\/06\/1888965_720762257968234_51642338_o-e1655300830603-267x300.jpg 267w, https:\/\/mauropassos.com\/wp-content\/uploads\/2022\/06\/1888965_720762257968234_51642338_o-e1655300830603-768x863.jpg 768w, https:\/\/mauropassos.com\/wp-content\/uploads\/2022\/06\/1888965_720762257968234_51642338_o-e1655300830603.jpg 1367w\" sizes=\"auto, (max-width: 911px) 100vw, 911px\" \/><\/figure><div class=\"wp-block-media-text__content\">\n<p>Mauro Passos \u00e9 m\u00fasico multi-instrumentista, compositor e produtor musical. Nasceu no Porto em 1979 e desde os 8 anos que o seu interesse pela m\u00fasica era evidente.<\/p>\n\n\n\n<p>Em 1994 formou a sua primeira banda os \u2018\u2019Ap\u00f3stolos\u2019\u2019 e pouco depois entrou para o conservat\u00f3rio do Porto, onde frequentou o curso de guitarra cl\u00e1ssica at\u00e9 ao 5\u00ba grau.<\/p>\n\n\n\n<p>Em 1996 gravou o seu primeiro trabalho a solo \u201dNavegar no pensamento\u201d. \u00c9 um EP ac\u00fastico com cinco composi\u00e7\u00f5es em guitarra cl\u00e1ssica. Um ano mais tarde gravou com os \u2018\u2019Blast Off\u2019\u2019 na compila\u00e7\u00e3o \u2018\u2019Pa\u00e7os Rock 97\u2019\u2019.<\/p>\n<\/div><\/div>\n\n\n\n<div class=\"wp-block-media-text has-media-on-the-right is-stacked-on-mobile is-vertically-aligned-top has-theme-palette-9-color has-text-color\" style=\"grid-template-columns:auto 32%\"><figure class=\"wp-block-media-text__media\"><img loading=\"lazy\" decoding=\"async\" width=\"640\" height=\"640\" src=\"https:\/\/mauropassos.com\/wp-content\/uploads\/2022\/06\/43056128_1965964533460667_3373843853508345856_n.jpg\" alt=\"\" class=\"wp-image-543 size-full\" srcset=\"https:\/\/mauropassos.com\/wp-content\/uploads\/2022\/06\/43056128_1965964533460667_3373843853508345856_n.jpg 640w, https:\/\/mauropassos.com\/wp-content\/uploads\/2022\/06\/43056128_1965964533460667_3373843853508345856_n-300x300.jpg 300w, https:\/\/mauropassos.com\/wp-content\/uploads\/2022\/06\/43056128_1965964533460667_3373843853508345856_n-150x150.jpg 150w\" sizes=\"auto, (max-width: 640px) 100vw, 640px\" \/><\/figure><div class=\"wp-block-media-text__content\">\n<p class=\"has-text-align-left\">Em 1998 gravou com \u201dPH7 Por\u00e9m\u201d e participou tamb\u00e9m no concurso de bandas \u201dZ\u00e9ca Afonso\u201d em Coimbra. Desde esse mesmo ano at\u00e9 2003, participoui em v\u00e1rias bandas e projetos (Purple Hills, Believers, Kxatria, etc).<\/p>\n\n\n\n<p>Em 2000 gravou e produziu o seu segundo EP \u201dReal Ilusion\u201d.Em 2004 gravou o seu terceiro EP \u201dIgni\u00e7\u00e3o\u201d. \u00c9 nesta altura que Mauro Passos come\u00e7a a entrar no rock progressivo.<\/p>\n<\/div><\/div>\n\n\n\n<div class=\"wp-block-media-text is-stacked-on-mobile is-vertically-aligned-top has-theme-palette-9-color has-text-color\" style=\"grid-template-columns:28% auto\"><figure class=\"wp-block-media-text__media\"><img loading=\"lazy\" decoding=\"async\" width=\"559\" height=\"663\" src=\"https:\/\/mauropassos.com\/wp-content\/uploads\/2022\/06\/Untitled-3.jpg\" alt=\"\" class=\"wp-image-776 size-full\" srcset=\"https:\/\/mauropassos.com\/wp-content\/uploads\/2022\/06\/Untitled-3.jpg 559w, https:\/\/mauropassos.com\/wp-content\/uploads\/2022\/06\/Untitled-3-253x300.jpg 253w\" sizes=\"auto, (max-width: 559px) 100vw, 559px\" \/><\/figure><div class=\"wp-block-media-text__content\">\n<p>Entre 2003 e 2005 lecionou guitarra cl\u00e1ssica e el\u00e9ctrica na academia Ad\u00e1gio (em Paredes)<\/p>\n\n\n\n<p>De 2005 a 2011 foi guitarrista dos \u2018\u2019Stubborm\u2019\u2019 com quem gravou o single e videoclip \u2018\u2019Even Alone I Fight\u2019\u2019(2007).<br><br>Em 2010 participou como m\u00fasico convidado, em tr\u00eas m\u00fasicas do disco \u2018\u201913\u2019\u2019 dos \u2018\u2019P\u00e9 na Terra\u2019\u2019 (bandolim nos temas \u2018\u2019Farrapeira\u2019\u2019 e \u2018\u2019Vira de Seis\u2019\u2019 e guitarra portuguesa no tema \u2018\u2019m\u00e3os\u2019\u2019).<\/p>\n<\/div><\/div>\n\n\n\n<div class=\"wp-block-media-text has-media-on-the-right is-stacked-on-mobile is-vertically-aligned-top has-theme-palette-9-color has-text-color\" style=\"grid-template-columns:auto 30%\"><figure class=\"wp-block-media-text__media\"><img loading=\"lazy\" decoding=\"async\" width=\"683\" height=\"1024\" src=\"https:\/\/mauropassos.com\/wp-content\/uploads\/2022\/06\/13497673_1093772977346498_7927259413446323992_o-683x1024.jpg\" alt=\"\" class=\"wp-image-756 size-full\" srcset=\"https:\/\/mauropassos.com\/wp-content\/uploads\/2022\/06\/13497673_1093772977346498_7927259413446323992_o-683x1024.jpg 683w, https:\/\/mauropassos.com\/wp-content\/uploads\/2022\/06\/13497673_1093772977346498_7927259413446323992_o-200x300.jpg 200w, https:\/\/mauropassos.com\/wp-content\/uploads\/2022\/06\/13497673_1093772977346498_7927259413446323992_o-768x1152.jpg 768w, https:\/\/mauropassos.com\/wp-content\/uploads\/2022\/06\/13497673_1093772977346498_7927259413446323992_o-1024x1536.jpg 1024w, https:\/\/mauropassos.com\/wp-content\/uploads\/2022\/06\/13497673_1093772977346498_7927259413446323992_o.jpg 1365w\" sizes=\"auto, (max-width: 683px) 100vw, 683px\" \/><\/figure><div class=\"wp-block-media-text__content\">\n<p>Em 2011 comecou a trabalhar num projecto de tributo a Carlos Paredes (Uma Guitarra Com Gente Dentro).<\/p>\n\n\n\n<p>Em 2012 gravou e produziu o seu quarto EP \u201dra\u00edzes e tradi\u00e7\u00f5es\u201d, onde utiliza a guitarra portuguesa, bandolim e cavaquinho, para dar uma sonoridade mais tradicional\/folk.<\/p>\n\n\n\n<p>Em 2013 foi convidado pela Goth\u2019n\u2019Rock a entrar na compila\u00e7\u00e3o \u201cV CHAPTER\u201d com o tema \u201dAlma Lusa\u201d. Nesse mesmo ano associou-se \u00e1 Compa\u00e7os (associa\u00e7\u00e3o de preserva\u00e7\u00e3o e dinamiza\u00e7\u00e3o musical de Pa\u00e7os de Ferreira), com quem tem vindo a realizar alguns workshops de cordofones tradicionais.<\/p>\n<\/div><\/div>\n\n\n\n<div class=\"wp-block-media-text is-stacked-on-mobile is-vertically-aligned-top has-theme-palette-9-color has-text-color\" style=\"grid-template-columns:34% auto\"><figure class=\"wp-block-media-text__media\"><img loading=\"lazy\" decoding=\"async\" width=\"912\" height=\"960\" src=\"https:\/\/mauropassos.com\/wp-content\/uploads\/2022\/06\/12049618_947160038674460_7972751086789213593_n.jpg\" alt=\"\" class=\"wp-image-777 size-full\" srcset=\"https:\/\/mauropassos.com\/wp-content\/uploads\/2022\/06\/12049618_947160038674460_7972751086789213593_n.jpg 912w, https:\/\/mauropassos.com\/wp-content\/uploads\/2022\/06\/12049618_947160038674460_7972751086789213593_n-285x300.jpg 285w, https:\/\/mauropassos.com\/wp-content\/uploads\/2022\/06\/12049618_947160038674460_7972751086789213593_n-768x808.jpg 768w\" sizes=\"auto, (max-width: 912px) 100vw, 912px\" \/><\/figure><div class=\"wp-block-media-text__content\">\n<p>Em 2014 celebrou 20 anos de carreira, participou no document\u00e1rio \u201cPa\u00e7osound\u201d realizado por Nuno Pacheco e fundou novo projecto com a colabora\u00e7\u00e3o de Miguel Cardoso e Jos\u00e9 Vieira \u201d TRISSON\u00c2NCIAS\u201d.<\/p>\n\n\n\n<p>Em 2015 foi convidado pelo realizador Jo\u00e3o Mendes a participar no document\u00e1rio \u201cHeavy Metal Partugal\u201d. \u00a0<\/p>\n<\/div><\/div>\n\n\n\n<div class=\"wp-block-media-text has-media-on-the-right is-stacked-on-mobile is-vertically-aligned-top has-theme-palette-9-color has-text-color\" style=\"grid-template-columns:auto 42%\"><figure class=\"wp-block-media-text__media\"><img loading=\"lazy\" decoding=\"async\" width=\"1024\" height=\"1024\" src=\"https:\/\/mauropassos.com\/wp-content\/uploads\/2022\/06\/MG_4230-edited-1024x1024.jpg\" alt=\"\" class=\"wp-image-759 size-full\" srcset=\"https:\/\/mauropassos.com\/wp-content\/uploads\/2022\/06\/MG_4230-edited-1024x1024.jpg 1024w, https:\/\/mauropassos.com\/wp-content\/uploads\/2022\/06\/MG_4230-edited-300x300.jpg 300w, https:\/\/mauropassos.com\/wp-content\/uploads\/2022\/06\/MG_4230-edited-150x150.jpg 150w, https:\/\/mauropassos.com\/wp-content\/uploads\/2022\/06\/MG_4230-edited-768x769.jpg 768w, https:\/\/mauropassos.com\/wp-content\/uploads\/2022\/06\/MG_4230-edited-1536x1536.jpg 1536w, https:\/\/mauropassos.com\/wp-content\/uploads\/2022\/06\/MG_4230-edited-2046x2048.jpg 2046w\" sizes=\"auto, (max-width: 1024px) 100vw, 1024px\" \/><\/figure><div class=\"wp-block-media-text__content\">\n<p>Em Fevereiro de 2016 vence as categorias de \u201cMelhor Artista\u201d, \u201cPr\u00e9mio Carreira\u201d e \u201cPr\u00e9mio do P\u00fablico\u201d nos \u201cPr\u00e9mios ComPa\u00e7os 2015\u201d. Em Mar\u00e7o grava o primeiro single com Trissonancias \u201cUtup\u00eda\u201d e durante os meses de Maio e Junho de realiza uma digress\u00e3o ac\u00fastica por Espanha e Fran\u00e7a.<\/p>\n\n\n\n<p>Em Maio de 2017 lan\u00e7a o videoclip do tema \u201cSol de Outono\u201d e em Dezembro edita o seu primeiro disco de longa dura\u00e7\u00e3o \u201cSombras\u201d. Este com este album que Mauro se estreia no formato \u201cone man band\u201d e durante o ano de 2018 realiza a tour de apresenta\u00e7\u00e3o deste trabalho discogr\u00e1fico.<\/p>\n<\/div><\/div>\n\n\n\n<div class=\"wp-block-media-text is-stacked-on-mobile is-vertically-aligned-top has-theme-palette-9-color has-text-color\" style=\"grid-template-columns:48% auto\"><figure class=\"wp-block-media-text__media\"><img loading=\"lazy\" decoding=\"async\" width=\"1024\" height=\"683\" src=\"https:\/\/mauropassos.com\/wp-content\/uploads\/2022\/06\/61783334_2324594334266952_7336140102499827712_n-1024x683.jpg\" alt=\"\" class=\"wp-image-760 size-full\" srcset=\"https:\/\/mauropassos.com\/wp-content\/uploads\/2022\/06\/61783334_2324594334266952_7336140102499827712_n-1024x683.jpg 1024w, https:\/\/mauropassos.com\/wp-content\/uploads\/2022\/06\/61783334_2324594334266952_7336140102499827712_n-300x200.jpg 300w, https:\/\/mauropassos.com\/wp-content\/uploads\/2022\/06\/61783334_2324594334266952_7336140102499827712_n-768x513.jpg 768w, https:\/\/mauropassos.com\/wp-content\/uploads\/2022\/06\/61783334_2324594334266952_7336140102499827712_n-1536x1025.jpg 1536w, https:\/\/mauropassos.com\/wp-content\/uploads\/2022\/06\/61783334_2324594334266952_7336140102499827712_n.jpg 1798w\" sizes=\"auto, (max-width: 1024px) 100vw, 1024px\" \/><\/figure><div class=\"wp-block-media-text__content\">\n<p>Em 2019 volta a entrar em est\u00fadio para iniciar as grava\u00e7\u00f5es de novo disco, lan\u00e7a o primeiro single deste trabalho \u201cVentos do Oriente\u201d e celebra os seus 25 anos de carreira num espet\u00e1culo ao vivo com v\u00e1rios convidados. \u00c9 aqui que edita mais um single, num dueto com Miguel Andrade \u201cAo Vento Ningu\u00e9m Pode Enganar\u201d.<\/p>\n<\/div><\/div>\n\n\n\n<div class=\"wp-block-media-text has-media-on-the-right is-stacked-on-mobile is-vertically-aligned-top has-theme-palette-9-color has-text-color\" style=\"grid-template-columns:auto 41%\"><figure class=\"wp-block-media-text__media\"><img loading=\"lazy\" decoding=\"async\" width=\"1024\" height=\"683\" src=\"https:\/\/mauropassos.com\/wp-content\/uploads\/2022\/06\/IMG_0301-1024x683.jpg\" alt=\"\" class=\"wp-image-761 size-full\" srcset=\"https:\/\/mauropassos.com\/wp-content\/uploads\/2022\/06\/IMG_0301-1024x683.jpg 1024w, https:\/\/mauropassos.com\/wp-content\/uploads\/2022\/06\/IMG_0301-300x200.jpg 300w, https:\/\/mauropassos.com\/wp-content\/uploads\/2022\/06\/IMG_0301-768x512.jpg 768w, https:\/\/mauropassos.com\/wp-content\/uploads\/2022\/06\/IMG_0301-1536x1024.jpg 1536w, https:\/\/mauropassos.com\/wp-content\/uploads\/2022\/06\/IMG_0301-2048x1365.jpg 2048w\" sizes=\"auto, (max-width: 1024px) 100vw, 1024px\" \/><\/figure><div class=\"wp-block-media-text__content\">\n<p>Em 2020, devido ao aparecimento da pandemia, v\u00ea as grava\u00e7\u00f5es paradas por v\u00e1rios meses e aproveita para se dedicar \u00e0 constru\u00e7\u00e3o da sua primeira sanfona mesieval. Ainda durante esse ano lan\u00e7ou mais dois singles \u201cMontes 2.0\u201d Uma abordagem diferente ao tema original do gaiteiro Ricardo Coelho (Montes) e Rockanitsa, ambos os temas em gaita de foles el\u00e9trica (o trino).<\/p>\n<\/div><\/div>\n\n\n\n<div class=\"wp-block-media-text is-stacked-on-mobile is-vertically-aligned-top has-theme-palette-9-color has-text-color\" style=\"grid-template-columns:35% auto\"><figure class=\"wp-block-media-text__media\"><img loading=\"lazy\" decoding=\"async\" width=\"1024\" height=\"683\" src=\"https:\/\/mauropassos.com\/wp-content\/uploads\/2022\/06\/IMG_0308-1024x683.jpg\" alt=\"\" class=\"wp-image-763 size-full\" srcset=\"https:\/\/mauropassos.com\/wp-content\/uploads\/2022\/06\/IMG_0308-1024x683.jpg 1024w, https:\/\/mauropassos.com\/wp-content\/uploads\/2022\/06\/IMG_0308-300x200.jpg 300w, https:\/\/mauropassos.com\/wp-content\/uploads\/2022\/06\/IMG_0308-768x512.jpg 768w, https:\/\/mauropassos.com\/wp-content\/uploads\/2022\/06\/IMG_0308-1536x1024.jpg 1536w, https:\/\/mauropassos.com\/wp-content\/uploads\/2022\/06\/IMG_0308-2048x1365.jpg 2048w\" sizes=\"auto, (max-width: 1024px) 100vw, 1024px\" \/><\/figure><div class=\"wp-block-media-text__content\">\n<p>Em 2021 com as grava\u00e7\u00f5es do novo album retomadas, lan\u00e7a outros dois singles, \u201cPlaza del Castillo\u201d e \u201cA Gruta\u201d e com estes temas come\u00e7a a promo\u00e7\u00e3o do album \u201cVentos &amp; Tempestades\u201d, que acabou por s\u00f3 ser lan\u00e7ado em 2022.<\/p>\n<\/div><\/div>\n<\/div>\n<\/div>\n\n\n\n<p><\/p>\n","protected":false},"excerpt":{"rendered":"<p>Mauro Passos \u00e9 m\u00fasico multi-instrumentista, compositor e produtor musical. Nasceu no Porto em 1979 e desde os 8 anos que o seu interesse pela m\u00fasica era evidente. Em 1994 formou a sua primeira banda os \u2018\u2019Ap\u00f3stolos\u2019\u2019 e pouco depois entrou para o conservat\u00f3rio do Porto, onde frequentou o curso de guitarra cl\u00e1ssica at\u00e9 ao 5\u00ba&#8230;<\/p>\n","protected":false},"author":1,"featured_media":0,"parent":0,"menu_order":0,"comment_status":"closed","ping_status":"closed","template":"","meta":{"_kadence_starter_templates_imported_post":false,"_kad_post_transparent":"default","_kad_post_title":"","_kad_post_layout":"narrow","_kad_post_sidebar_id":"","_kad_post_content_style":"","_kad_post_vertical_padding":"","_kad_post_feature":"","_kad_post_feature_position":"","_kad_post_header":false,"_kad_post_footer":false,"_kad_post_classname":"","footnotes":""},"class_list":["post-506","page","type-page","status-publish","hentry"],"_links":{"self":[{"href":"https:\/\/mauropassos.com\/index.php?rest_route=\/wp\/v2\/pages\/506","targetHints":{"allow":["GET"]}}],"collection":[{"href":"https:\/\/mauropassos.com\/index.php?rest_route=\/wp\/v2\/pages"}],"about":[{"href":"https:\/\/mauropassos.com\/index.php?rest_route=\/wp\/v2\/types\/page"}],"author":[{"embeddable":true,"href":"https:\/\/mauropassos.com\/index.php?rest_route=\/wp\/v2\/users\/1"}],"replies":[{"embeddable":true,"href":"https:\/\/mauropassos.com\/index.php?rest_route=%2Fwp%2Fv2%2Fcomments&post=506"}],"version-history":[{"count":0,"href":"https:\/\/mauropassos.com\/index.php?rest_route=\/wp\/v2\/pages\/506\/revisions"}],"wp:attachment":[{"href":"https:\/\/mauropassos.com\/index.php?rest_route=%2Fwp%2Fv2%2Fmedia&parent=506"}],"curies":[{"name":"wp","href":"https:\/\/api.w.org\/{rel}","templated":true}]}}